{"id":168,"date":"2023-12-12T14:44:04","date_gmt":"2023-12-12T13:44:04","guid":{"rendered":"http:\/\/praca.paragon-cc.pl\/?page_id=168"},"modified":"2024-04-03T12:32:54","modified_gmt":"2024-04-03T10:32:54","slug":"home","status":"publish","type":"page","link":"https:\/\/praca.paragon-cc.pl\/","title":{"rendered":"HOME"},"content":{"rendered":"\n<div class=\"wp-block-buttons is-layout-flex wp-block-buttons-is-layout-flex\"><\/div>\n","protected":false},"excerpt":{"rendered":"","protected":false},"author":1,"featured_media":0,"parent":0,"menu_order":0,"comment_status":"closed","ping_status":"closed","template":"","meta":{"content-type":"","footnotes":""},"class_list":["post-168","page","type-page","status-publish","hentry"],"yoast_head":"<!-- This site is optimized with the Yoast SEO plugin v24.3 - https:\/\/yoast.com\/wordpress\/plugins\/seo\/ -->\n<title>HOME - Paragon<\/title>\n<meta name=\"robots\" content=\"index, follow, max-snippet:-1, max-image-preview:large, max-video-preview:-1\" \/>\n<link rel=\"canonical\" href=\"https:\/\/praca.paragon-cc.pl\/\" \/>\n<meta property=\"og:locale\" content=\"en_US\" \/>\n<meta property=\"og:type\" content=\"article\" \/>\n<meta property=\"og:title\" content=\"HOME - Paragon\" \/>\n<meta property=\"og:url\" content=\"https:\/\/praca.paragon-cc.pl\/\" \/>\n<meta property=\"og:site_name\" content=\"Paragon\" \/>\n<meta property=\"article:modified_time\" content=\"2024-04-03T10:32:54+00:00\" \/>\n<meta name=\"twitter:card\" content=\"summary_large_image\" \/>\n<script type=\"application\/ld+json\" class=\"yoast-schema-graph\">{\"@context\":\"https:\/\/schema.org\",\"@graph\":[{\"@type\":\"WebPage\",\"@id\":\"https:\/\/praca.paragon-cc.pl\/\",\"url\":\"https:\/\/praca.paragon-cc.pl\/\",\"name\":\"HOME - Paragon\",\"isPartOf\":{\"@id\":\"https:\/\/praca.paragon-cc.pl\/#website\"},\"datePublished\":\"2023-12-12T13:44:04+00:00\",\"dateModified\":\"2024-04-03T10:32:54+00:00\",\"breadcrumb\":{\"@id\":\"https:\/\/praca.paragon-cc.pl\/#breadcrumb\"},\"inLanguage\":\"en-US\",\"potentialAction\":[{\"@type\":\"ReadAction\",\"target\":[\"https:\/\/praca.paragon-cc.pl\/\"]}]},{\"@type\":\"BreadcrumbList\",\"@id\":\"https:\/\/praca.paragon-cc.pl\/#breadcrumb\",\"itemListElement\":[{\"@type\":\"ListItem\",\"position\":1,\"name\":\"Home\",\"item\":\"https:\/\/praca.paragon-cc.pl\/\"},{\"@type\":\"ListItem\",\"position\":2,\"name\":\"HOME\"}]},{\"@type\":\"WebSite\",\"@id\":\"https:\/\/praca.paragon-cc.pl\/#website\",\"url\":\"https:\/\/praca.paragon-cc.pl\/\",\"name\":\"Paragon\",\"description\":\"Mo\u017cna da\u0107 odno\u015bnik do zak\u0142adki o nas\",\"publisher\":{\"@id\":\"https:\/\/praca.paragon-cc.pl\/#organization\"},\"potentialAction\":[{\"@type\":\"SearchAction\",\"target\":{\"@type\":\"EntryPoint\",\"urlTemplate\":\"https:\/\/praca.paragon-cc.pl\/?s={search_term_string}\"},\"query-input\":{\"@type\":\"PropertyValueSpecification\",\"valueRequired\":true,\"valueName\":\"search_term_string\"}}],\"inLanguage\":\"en-US\"},{\"@type\":\"Organization\",\"@id\":\"https:\/\/praca.paragon-cc.pl\/#organization\",\"name\":\"Paragon\",\"url\":\"https:\/\/praca.paragon-cc.pl\/\",\"logo\":{\"@type\":\"ImageObject\",\"inLanguage\":\"en-US\",\"@id\":\"https:\/\/praca.paragon-cc.pl\/#\/schema\/logo\/image\/\",\"url\":\"https:\/\/praca.paragon-cc.pl\/wp-content\/uploads\/2023\/12\/cropped-Paragon_blue.png\",\"contentUrl\":\"https:\/\/praca.paragon-cc.pl\/wp-content\/uploads\/2023\/12\/cropped-Paragon_blue.png\",\"width\":2952,\"height\":532,\"caption\":\"Paragon\"},\"image\":{\"@id\":\"https:\/\/praca.paragon-cc.pl\/#\/schema\/logo\/image\/\"}}]}<\/script>\n<!-- \/ Yoast SEO plugin. -->","yoast_head_json":{"title":"HOME - Paragon","robots":{"index":"index","follow":"follow","max-snippet":"max-snippet:-1","max-image-preview":"max-image-preview:large","max-video-preview":"max-video-preview:-1"},"canonical":"https:\/\/praca.paragon-cc.pl\/","og_locale":"en_US","og_type":"article","og_title":"HOME - Paragon","og_url":"https:\/\/praca.paragon-cc.pl\/","og_site_name":"Paragon","article_modified_time":"2024-04-03T10:32:54+00:00","twitter_card":"summary_large_image","schema":{"@context":"https:\/\/schema.org","@graph":[{"@type":"WebPage","@id":"https:\/\/praca.paragon-cc.pl\/","url":"https:\/\/praca.paragon-cc.pl\/","name":"HOME - Paragon","isPartOf":{"@id":"https:\/\/praca.paragon-cc.pl\/#website"},"datePublished":"2023-12-12T13:44:04+00:00","dateModified":"2024-04-03T10:32:54+00:00","breadcrumb":{"@id":"https:\/\/praca.paragon-cc.pl\/#breadcrumb"},"inLanguage":"en-US","potentialAction":[{"@type":"ReadAction","target":["https:\/\/praca.paragon-cc.pl\/"]}]},{"@type":"BreadcrumbList","@id":"https:\/\/praca.paragon-cc.pl\/#breadcrumb","itemListElement":[{"@type":"ListItem","position":1,"name":"Home","item":"https:\/\/praca.paragon-cc.pl\/"},{"@type":"ListItem","position":2,"name":"HOME"}]},{"@type":"WebSite","@id":"https:\/\/praca.paragon-cc.pl\/#website","url":"https:\/\/praca.paragon-cc.pl\/","name":"Paragon","description":"Mo\u017cna da\u0107 odno\u015bnik do zak\u0142adki o nas","publisher":{"@id":"https:\/\/praca.paragon-cc.pl\/#organization"},"potentialAction":[{"@type":"SearchAction","target":{"@type":"EntryPoint","urlTemplate":"https:\/\/praca.paragon-cc.pl\/?s={search_term_string}"},"query-input":{"@type":"PropertyValueSpecification","valueRequired":true,"valueName":"search_term_string"}}],"inLanguage":"en-US"},{"@type":"Organization","@id":"https:\/\/praca.paragon-cc.pl\/#organization","name":"Paragon","url":"https:\/\/praca.paragon-cc.pl\/","logo":{"@type":"ImageObject","inLanguage":"en-US","@id":"https:\/\/praca.paragon-cc.pl\/#\/schema\/logo\/image\/","url":"https:\/\/praca.paragon-cc.pl\/wp-content\/uploads\/2023\/12\/cropped-Paragon_blue.png","contentUrl":"https:\/\/praca.paragon-cc.pl\/wp-content\/uploads\/2023\/12\/cropped-Paragon_blue.png","width":2952,"height":532,"caption":"Paragon"},"image":{"@id":"https:\/\/praca.paragon-cc.pl\/#\/schema\/logo\/image\/"}}]}},"_links":{"self":[{"href":"https:\/\/praca.paragon-cc.pl\/index.php?rest_route=\/wp\/v2\/pages\/168","targetHints":{"allow":["GET"]}}],"collection":[{"href":"https:\/\/praca.paragon-cc.pl\/index.php?rest_route=\/wp\/v2\/pages"}],"about":[{"href":"https:\/\/praca.paragon-cc.pl\/index.php?rest_route=\/wp\/v2\/types\/page"}],"author":[{"embeddable":true,"href":"https:\/\/praca.paragon-cc.pl\/index.php?rest_route=\/wp\/v2\/users\/1"}],"replies":[{"embeddable":true,"href":"https:\/\/praca.paragon-cc.pl\/index.php?rest_route=%2Fwp%2Fv2%2Fcomments&post=168"}],"version-history":[{"count":4,"href":"https:\/\/praca.paragon-cc.pl\/index.php?rest_route=\/wp\/v2\/pages\/168\/revisions"}],"predecessor-version":[{"id":380,"href":"https:\/\/praca.paragon-cc.pl\/index.php?rest_route=\/wp\/v2\/pages\/168\/revisions\/380"}],"wp:attachment":[{"href":"https:\/\/praca.paragon-cc.pl\/index.php?rest_route=%2Fwp%2Fv2%2Fmedia&parent=168"}],"curies":[{"name":"wp","href":"https:\/\/api.w.org\/{rel}","templated":true}]}}