{"id":356,"date":"2024-04-02T18:09:36","date_gmt":"2024-04-02T16:09:36","guid":{"rendered":"http:\/\/praca.paragon-cc.pl\/?page_id=356"},"modified":"2024-04-04T15:43:42","modified_gmt":"2024-04-04T13:43:42","slug":"uslugi","status":"publish","type":"page","link":"https:\/\/praca.paragon-cc.pl\/?page_id=356","title":{"rendered":"Nasze Us\u0142ugi"},"content":{"rendered":"\n<h2 class=\"wp-block-heading\"><strong>CSR<\/strong><\/h2>\n\n\n\n<p>Dzia\u0142 CSR to kluczowy element ka\u017cdej organizacji. <\/p>\n\n\n\n<p>W naszym dziale pracuj\u0105 osoby z wieloletnim do\u015bwiadczeniem. Ka\u017cdy z Klient\u00f3w obs\u0142ugiwany jest indywidualnie, ma przypisanego swojego opiekuna. Takie rozwi\u0105zanie gwarantuje naszym Klientom szybko\u015b\u0107 w pozyskiwaniu informacji na temat swojego projektu.<\/p>\n\n\n\n<ul class=\"wp-block-list\">\n<li>Indywidualne podej\u015bcie do klienta<\/li>\n\n\n\n<li>Profesjonalne doradztwo<\/li>\n\n\n\n<li>Kompleksowa obs\u0142uga projektu<\/li>\n\n\n\n<li>Wieloj\u0119zykowy Team <\/li>\n\n\n\n<li>Wsp\u00f3\u0142praca z zagranicznymi podmiotami<\/li>\n<\/ul>\n\n\n\n<div style=\"height:33px\" aria-hidden=\"true\" class=\"wp-block-spacer\"><\/div>\n\n\n\n<h2 class=\"wp-block-heading\"><strong>IT &#8211; BAZY DANYCH<\/strong><\/h2>\n\n\n\n<p>Nasz zesp\u00f3\u0142 zawsze zapewnia klientom profesjonalne wsparcie na ka\u017cdym etapie wsp\u00f3\u0142pracy<\/p>\n\n\n\n<ul class=\"wp-block-list\">\n<li>Projektowanie system\u00f3w opartych na bezpiecznym przetwarzaniu danych<\/li>\n\n\n\n<li>Tworzenie Layoutu wed\u0142ug oczekiwa\u0144 Klienta<\/li>\n\n\n\n<li>Raportowanie danych do systemu Klienta<\/li>\n\n\n\n<li>Nadz\u00f3r w zakresie wysy\u0142ki krajowej i zagranicznej<\/li>\n\n\n\n<li>Optymalizacja baz wed\u0142ug wymaga\u0144 operator\u00f3w pocztowych polskich oraz zagranicznych<\/li>\n\n\n\n<li>Deduplikacja baz<\/li>\n\n\n\n<li>Bie\u017c\u0105ca obs\u0142uga zlece\u0144 cyklicznych\/transakcyjnych<\/li>\n\n\n\n<li>Usprawnianie proces\u00f3w poprzez automatyzacj\u0119 projekt\u00f3w<\/li>\n<\/ul>\n\n\n\n<div style=\"height:34px\" aria-hidden=\"true\" class=\"wp-block-spacer\"><\/div>\n\n\n\n<h2 class=\"wp-block-heading\"><strong>DRUKI PERSONALIZOWANE<\/strong><\/h2>\n\n\n\n<p>Personalizacja druku jest procesem polegaj\u0105cym na nanoszeniu wszelkich zmiennych danych, nadrukowanych w formie: cyfr, liter, znak\u00f3w specjalnych oraz kombinacji wszystkich trzech form, w dowolnym miejscu danego druku.<\/p>\n\n\n\n<ul class=\"wp-block-list\">\n<li>Nasza oferta obejmuj\u0119 personalizacj\u0119 druk\u00f3w, zaprosze\u0144, list\u00f3w, katalog\u00f3w nanosz\u0105c dane w ich tre\u015bci zgodnie z projektem klienta<\/li>\n\n\n\n<li>Dzi\u0119ki mo\u017cliwo\u015bci wygenerowania indywidualnych kod\u00f3w kreskowych oraz kod\u00f3w w modelu QR, jeste\u015bmy w stanie u\u0142atwi\u0107 sczytywanie zmiennych danych<\/li>\n\n\n\n<li>Nowoczesny park maszynowy pozwala nam na personalizowany zadruk kopert wed\u0142ug bazy adresowej klienta<\/li>\n<\/ul>\n\n\n\n<p><strong>Wykorzystuj\u0105c personalizacj\u0119 w korespondencji masowej mo\u017cliwa jest efektywniejsza komunikacja z odbiorc\u0105.<\/strong><\/p>\n\n\n\n<div style=\"height:32px\" aria-hidden=\"true\" class=\"wp-block-spacer\"><\/div>\n\n\n\n<h2 class=\"wp-block-heading\">KOPERTOWANIE<\/h2>\n\n\n\n<p>Park maszynowy na dziale kopertowania to zbi\u00f3r nowoczesnych urz\u0105dze\u0144 dedykowanych do skutecznego i efektywnego pakowania przesy\u0142ek. <\/p>\n\n\n\n<ul class=\"wp-block-list\">\n<li>Wysokowydajne kopertownice<\/li>\n\n\n\n<li>Mo\u017cliwo\u015b\u0107 kopertowania do takich format\u00f3w jak: C6, C6\/5, C5, C4 oraz po\u015brednich<\/li>\n\n\n\n<li>Systemy por\u00f3wnuj\u0105ce kilka element\u00f3w personalizowanych (Matching Control)<\/li>\n\n\n\n<li>Kopertowanie dokument\u00f3w wielostronnych\/transakcyjnych<\/li>\n<\/ul>\n\n\n\n<div style=\"height:31px\" aria-hidden=\"true\" class=\"wp-block-spacer\"><\/div>\n\n\n\n<h2 class=\"wp-block-heading\"><strong>MAGAZYNOWANIE<\/strong><\/h2>\n\n\n\n<ul class=\"wp-block-list\">\n<li>Nowoczesny magazyn wysokiego sk\u0142adowania<\/li>\n\n\n\n<li>Systemowy nadz\u00f3r nad materia\u0142ami przychodz\u0105cymi oraz wychodz\u0105cymi<\/li>\n\n\n\n<li>Bie\u017c\u0105ca weryfikacja sk\u0142adowanych towar\u00f3w<\/li>\n\n\n\n<li>Selektywne pakowanie towaru, przepakowywanie i konfekcjonowanie<\/li>\n\n\n\n<li>Kontrola jako\u015bciowa<\/li>\n\n\n\n<li>Obiekt monitorowany \u2013 bezpiecze\u0144stwo sk\u0142adowania<\/li>\n<\/ul>\n\n\n\n<div style=\"height:33px\" aria-hidden=\"true\" class=\"wp-block-spacer\"><\/div>\n\n\n\n<h2 class=\"wp-block-heading\"><strong>TRANSPORT<\/strong><\/h2>\n\n\n\n<p>Gotowe przesy\u0142ki dor\u0119czamy za po\u015brednictwem Poczty Polskiej, prywatnych operator\u00f3w pocztowych i firm kurierskich, na umowach w\u0142asnych, w imieniu i na rzecz, lub na umowach Klienta. Wyb\u00f3r konkretnego rozwi\u0105zania zawsze jest podyktowany optymalizacj\u0105 koszt\u00f3w wysy\u0142ki, jako\u015bci\u0105 i terminowo\u015bci\u0105 dor\u0119czenia do odbiorcy ko\u0144cowego.<\/p>\n\n\n\n<div style=\"height:44px\" aria-hidden=\"true\" class=\"wp-block-spacer\"><\/div>\n\n\n\n<p class=\"has-text-align-center\"><strong>INFORMACJE KONTAKTOWE<\/strong><\/p>\n\n\n\n<div class=\"wp-block-columns is-layout-flex wp-container-core-columns-is-layout-9d6595d7 wp-block-columns-is-layout-flex\">\n<div class=\"wp-block-column is-layout-flow wp-block-column-is-layout-flow\" style=\"flex-basis:33.33%\">\n<p><strong>Dane Kontaktowe:<\/strong><\/p>\n\n\n\n<p>T: (0-12) 297 34 00<\/p>\n\n\n\n<p>F: +48 12 297 34 00<\/p>\n\n\n\n<p>M: info@paragon-cc.pl<\/p>\n\n\n\n<p><strong>ADRES:<\/strong><\/p>\n\n\n\n<p>Paragon DACH &amp; CEE<\/p>\n\n\n\n<p>ul. Christo Botewa 6b<\/p>\n\n\n\n<p>30-798 Krak\u00f3w<\/p>\n<\/div>\n\n\n\n<div class=\"wp-block-column is-layout-flow wp-block-column-is-layout-flow\" style=\"flex-basis:66.66%\"><p><iframe src=\"https:\/\/www.google.com\/maps\/embed?pb=!1m18!1m12!1m3!1d2562.626947677629!2d20.03128409802064!3d50.037085737252944!2m3!1f0!2f0!3f0!3m2!1i1024!2i768!4f13.1!3m3!1m2!1s0x47164549ff6af409%3A0x77f89c598c0143f6!2sParagon%20Customer%20Communi-cations%20Poland%20Sp.z%20o.o!5e0!3m2!1spl!2spl!4v1711927729158!5m2!1spl!2spl\" width=\"600\" height=\"450\" style=\"border:0;\" allowfullscreen=\"\" loading=\"lazy\" referrerpolicy=\"no-referrer-when-downgrade\"><\/iframe><\/p>\n<\/div>\n<\/div>\n\n\n\n<div style=\"height:33px\" aria-hidden=\"true\" class=\"wp-block-spacer\"><\/div>\n","protected":false},"excerpt":{"rendered":"<p>CSR Dzia\u0142 CSR to kluczowy element ka\u017cdej organizacji. W naszym dziale pracuj\u0105 osoby z wieloletnim do\u015bwiadczeniem. Ka\u017cdy z Klient\u00f3w obs\u0142ugiwany jest indywidualnie, ma przypisanego swojego opiekuna. Takie rozwi\u0105zanie gwarantuje naszym Klientom szybko\u015b\u0107 w pozyskiwaniu informacji na temat swojego projektu. IT &#8211; BAZY DANYCH Nasz zesp\u00f3\u0142 zawsze zapewnia klientom profesjonalne wsparcie [&hellip;]<\/p>\n","protected":false},"author":1,"featured_media":0,"parent":0,"menu_order":0,"comment_status":"closed","ping_status":"closed","template":"","meta":{"content-type":"","footnotes":""},"class_list":["post-356","page","type-page","status-publish","hentry"],"yoast_head":"<!-- This site is optimized with the Yoast SEO plugin v24.3 - https:\/\/yoast.com\/wordpress\/plugins\/seo\/ -->\n<title>Nasze Us\u0142ugi - Paragon<\/title>\n<meta name=\"robots\" content=\"index, follow, max-snippet:-1, max-image-preview:large, max-video-preview:-1\" \/>\n<link rel=\"canonical\" href=\"https:\/\/praca.paragon-cc.pl\/?page_id=356\" \/>\n<meta property=\"og:locale\" content=\"en_US\" \/>\n<meta property=\"og:type\" content=\"article\" \/>\n<meta property=\"og:title\" content=\"Nasze Us\u0142ugi - Paragon\" \/>\n<meta property=\"og:description\" content=\"CSR Dzia\u0142 CSR to kluczowy element ka\u017cdej organizacji. W naszym dziale pracuj\u0105 osoby z wieloletnim do\u015bwiadczeniem. Ka\u017cdy z Klient\u00f3w obs\u0142ugiwany\" \/>\n<meta property=\"og:url\" content=\"https:\/\/praca.paragon-cc.pl\/?page_id=356\" \/>\n<meta property=\"og:site_name\" content=\"Paragon\" \/>\n<meta property=\"article:modified_time\" content=\"2024-04-04T13:43:42+00:00\" \/>\n<meta name=\"twitter:card\" content=\"summary_large_image\" \/>\n<meta name=\"twitter:label1\" content=\"Est. reading time\" \/>\n\t<meta name=\"twitter:data1\" content=\"3 minutes\" \/>\n<script type=\"application\/ld+json\" class=\"yoast-schema-graph\">{\"@context\":\"https:\/\/schema.org\",\"@graph\":[{\"@type\":\"WebPage\",\"@id\":\"https:\/\/praca.paragon-cc.pl\/?page_id=356\",\"url\":\"https:\/\/praca.paragon-cc.pl\/?page_id=356\",\"name\":\"Nasze Us\u0142ugi - Paragon\",\"isPartOf\":{\"@id\":\"https:\/\/praca.paragon-cc.pl\/#website\"},\"datePublished\":\"2024-04-02T16:09:36+00:00\",\"dateModified\":\"2024-04-04T13:43:42+00:00\",\"breadcrumb\":{\"@id\":\"https:\/\/praca.paragon-cc.pl\/?page_id=356#breadcrumb\"},\"inLanguage\":\"en-US\",\"potentialAction\":[{\"@type\":\"ReadAction\",\"target\":[\"https:\/\/praca.paragon-cc.pl\/?page_id=356\"]}]},{\"@type\":\"BreadcrumbList\",\"@id\":\"https:\/\/praca.paragon-cc.pl\/?page_id=356#breadcrumb\",\"itemListElement\":[{\"@type\":\"ListItem\",\"position\":1,\"name\":\"Home\",\"item\":\"https:\/\/praca.paragon-cc.pl\/\"},{\"@type\":\"ListItem\",\"position\":2,\"name\":\"Nasze Us\u0142ugi\"}]},{\"@type\":\"WebSite\",\"@id\":\"https:\/\/praca.paragon-cc.pl\/#website\",\"url\":\"https:\/\/praca.paragon-cc.pl\/\",\"name\":\"Paragon\",\"description\":\"Mo\u017cna da\u0107 odno\u015bnik do zak\u0142adki o nas\",\"publisher\":{\"@id\":\"https:\/\/praca.paragon-cc.pl\/#organization\"},\"potentialAction\":[{\"@type\":\"SearchAction\",\"target\":{\"@type\":\"EntryPoint\",\"urlTemplate\":\"https:\/\/praca.paragon-cc.pl\/?s={search_term_string}\"},\"query-input\":{\"@type\":\"PropertyValueSpecification\",\"valueRequired\":true,\"valueName\":\"search_term_string\"}}],\"inLanguage\":\"en-US\"},{\"@type\":\"Organization\",\"@id\":\"https:\/\/praca.paragon-cc.pl\/#organization\",\"name\":\"Paragon\",\"url\":\"https:\/\/praca.paragon-cc.pl\/\",\"logo\":{\"@type\":\"ImageObject\",\"inLanguage\":\"en-US\",\"@id\":\"https:\/\/praca.paragon-cc.pl\/#\/schema\/logo\/image\/\",\"url\":\"https:\/\/praca.paragon-cc.pl\/wp-content\/uploads\/2023\/12\/cropped-Paragon_blue.png\",\"contentUrl\":\"https:\/\/praca.paragon-cc.pl\/wp-content\/uploads\/2023\/12\/cropped-Paragon_blue.png\",\"width\":2952,\"height\":532,\"caption\":\"Paragon\"},\"image\":{\"@id\":\"https:\/\/praca.paragon-cc.pl\/#\/schema\/logo\/image\/\"}}]}<\/script>\n<!-- \/ Yoast SEO plugin. -->","yoast_head_json":{"title":"Nasze Us\u0142ugi - Paragon","robots":{"index":"index","follow":"follow","max-snippet":"max-snippet:-1","max-image-preview":"max-image-preview:large","max-video-preview":"max-video-preview:-1"},"canonical":"https:\/\/praca.paragon-cc.pl\/?page_id=356","og_locale":"en_US","og_type":"article","og_title":"Nasze Us\u0142ugi - Paragon","og_description":"CSR Dzia\u0142 CSR to kluczowy element ka\u017cdej organizacji. W naszym dziale pracuj\u0105 osoby z wieloletnim do\u015bwiadczeniem. Ka\u017cdy z Klient\u00f3w obs\u0142ugiwany","og_url":"https:\/\/praca.paragon-cc.pl\/?page_id=356","og_site_name":"Paragon","article_modified_time":"2024-04-04T13:43:42+00:00","twitter_card":"summary_large_image","twitter_misc":{"Est. reading time":"3 minutes"},"schema":{"@context":"https:\/\/schema.org","@graph":[{"@type":"WebPage","@id":"https:\/\/praca.paragon-cc.pl\/?page_id=356","url":"https:\/\/praca.paragon-cc.pl\/?page_id=356","name":"Nasze Us\u0142ugi - Paragon","isPartOf":{"@id":"https:\/\/praca.paragon-cc.pl\/#website"},"datePublished":"2024-04-02T16:09:36+00:00","dateModified":"2024-04-04T13:43:42+00:00","breadcrumb":{"@id":"https:\/\/praca.paragon-cc.pl\/?page_id=356#breadcrumb"},"inLanguage":"en-US","potentialAction":[{"@type":"ReadAction","target":["https:\/\/praca.paragon-cc.pl\/?page_id=356"]}]},{"@type":"BreadcrumbList","@id":"https:\/\/praca.paragon-cc.pl\/?page_id=356#breadcrumb","itemListElement":[{"@type":"ListItem","position":1,"name":"Home","item":"https:\/\/praca.paragon-cc.pl\/"},{"@type":"ListItem","position":2,"name":"Nasze Us\u0142ugi"}]},{"@type":"WebSite","@id":"https:\/\/praca.paragon-cc.pl\/#website","url":"https:\/\/praca.paragon-cc.pl\/","name":"Paragon","description":"Mo\u017cna da\u0107 odno\u015bnik do zak\u0142adki o nas","publisher":{"@id":"https:\/\/praca.paragon-cc.pl\/#organization"},"potentialAction":[{"@type":"SearchAction","target":{"@type":"EntryPoint","urlTemplate":"https:\/\/praca.paragon-cc.pl\/?s={search_term_string}"},"query-input":{"@type":"PropertyValueSpecification","valueRequired":true,"valueName":"search_term_string"}}],"inLanguage":"en-US"},{"@type":"Organization","@id":"https:\/\/praca.paragon-cc.pl\/#organization","name":"Paragon","url":"https:\/\/praca.paragon-cc.pl\/","logo":{"@type":"ImageObject","inLanguage":"en-US","@id":"https:\/\/praca.paragon-cc.pl\/#\/schema\/logo\/image\/","url":"https:\/\/praca.paragon-cc.pl\/wp-content\/uploads\/2023\/12\/cropped-Paragon_blue.png","contentUrl":"https:\/\/praca.paragon-cc.pl\/wp-content\/uploads\/2023\/12\/cropped-Paragon_blue.png","width":2952,"height":532,"caption":"Paragon"},"image":{"@id":"https:\/\/praca.paragon-cc.pl\/#\/schema\/logo\/image\/"}}]}},"_links":{"self":[{"href":"https:\/\/praca.paragon-cc.pl\/index.php?rest_route=\/wp\/v2\/pages\/356","targetHints":{"allow":["GET"]}}],"collection":[{"href":"https:\/\/praca.paragon-cc.pl\/index.php?rest_route=\/wp\/v2\/pages"}],"about":[{"href":"https:\/\/praca.paragon-cc.pl\/index.php?rest_route=\/wp\/v2\/types\/page"}],"author":[{"embeddable":true,"href":"https:\/\/praca.paragon-cc.pl\/index.php?rest_route=\/wp\/v2\/users\/1"}],"replies":[{"embeddable":true,"href":"https:\/\/praca.paragon-cc.pl\/index.php?rest_route=%2Fwp%2Fv2%2Fcomments&post=356"}],"version-history":[{"count":15,"href":"https:\/\/praca.paragon-cc.pl\/index.php?rest_route=\/wp\/v2\/pages\/356\/revisions"}],"predecessor-version":[{"id":419,"href":"https:\/\/praca.paragon-cc.pl\/index.php?rest_route=\/wp\/v2\/pages\/356\/revisions\/419"}],"wp:attachment":[{"href":"https:\/\/praca.paragon-cc.pl\/index.php?rest_route=%2Fwp%2Fv2%2Fmedia&parent=356"}],"curies":[{"name":"wp","href":"https:\/\/api.w.org\/{rel}","templated":true}]}}